{"id":152,"date":"2026-04-04T17:07:25","date_gmt":"2026-04-04T15:07:25","guid":{"rendered":"https:\/\/mleczkowanie.pl\/?page_id=152"},"modified":"2026-04-05T01:45:16","modified_gmt":"2026-04-04T23:45:16","slug":"strona-glowna","status":"publish","type":"page","link":"https:\/\/mleczkowanie.pl\/","title":{"rendered":"Strona g\u0142\u00f3wna"},"content":{"rendered":"<section class=\"bde-section-152-100 bde-section\">\n  \n  \n\t\n\n\n\n<div class=\"section-container\"><div class=\"bde-code-block-152-102 bde-code-block\">\n\n  <iframe data-tally-src=\"https:\/\/tally.so\/embed\/lbW4Q5?alignLeft=1&hideTitle=1&transparentBackground=1&dynamicHeight=1\" loading=\"lazy\" width=\"100%\" height=\"520\" frameborder=\"0\" marginheight=\"0\" marginwidth=\"0\" title=\"Test\"><\/iframe>\n<script>var d=document,w=\"https:\/\/tally.so\/widgets\/embed.js\",v=function(){\"undefined\"!=typeof Tally?Tally.loadEmbeds():d.querySelectorAll(\"iframe[data-tally-src]:not([src])\").forEach((function(e){e.src=e.dataset.tallySrc}))};if(\"undefined\"!=typeof Tally)v();else if(d.querySelector('script[src=\"'+w+'\"]')==null){var s=d.createElement(\"script\");s.src=w,s.onload=v,s.onerror=v,d.body.appendChild(s);}<\/script>\n\n\n<\/div><div class=\"bde-form-builder-152-101 bde-form-builder\">\n\n<form id=\"contact-form101\" class=\"breakdance-form breakdance-form--vertical\" data-options=\"{&quot;slug&quot;:&quot;custom&quot;,&quot;name&quot;:&quot;Contact Form&quot;,&quot;ajaxUrl&quot;:&quot;https:\\\/\\\/mleczkowanie.pl\\\/wp-admin\\\/admin-ajax.php&quot;,&quot;clearOnSuccess&quot;:true,&quot;hideOnSuccess&quot;:false,&quot;successMessage&quot;:&quot;Your message has been received!&quot;,&quot;errorMessage&quot;:&quot;Something went wrong&quot;,&quot;redirect&quot;:false,&quot;redirectUrl&quot;:&quot;&quot;,&quot;customJavaScript&quot;:&quot;&quot;,&quot;recaptcha&quot;:{&quot;key&quot;:&quot;&quot;,&quot;enabled&quot;:false},&quot;honeypot_enabled&quot;:false,&quot;popupsOnSuccess&quot;:[],&quot;popupsOnError&quot;:[]}\" data-steps=\"0\" >\n  \n  \n  \n<div class=\"breakdance-form-field breakdance-form-field--text\" >\n    \n    \n            <label class=\"breakdance-form-field__label\" for=\"name\">\n            Name<span class=\"breakdance-form-field__required\">*<\/span>\n        <\/label>\n    \n    <input\n    class=\"breakdance-form-field__input\"\n    id=\"name\"\n    aria-describedby=\"name\"\n    type=\"text\"\n    name=\"fields[name]\"\n    placeholder=\"\"\n    value=\"\"\n                \n        \n        \n    required\n    \n    \n    \n>\n\n\n    \n    \n<\/div>\n\n\n<div class=\"breakdance-form-field breakdance-form-field--email\" >\n    \n    \n            <label class=\"breakdance-form-field__label\" for=\"email\">\n            Email<span class=\"breakdance-form-field__required\">*<\/span>\n        <\/label>\n    \n    <input\n    class=\"breakdance-form-field__input\"\n    id=\"email\"\n    aria-describedby=\"email\"\n    type=\"email\"\n    name=\"fields[email]\"\n    placeholder=\"\"\n    value=\"\"\n                \n        \n        \n    required\n    \n    \n    \n>\n\n\n    \n    \n<\/div>\n\n\n<div class=\"breakdance-form-field breakdance-form-field--textarea\" >\n    \n    \n            <label class=\"breakdance-form-field__label\" for=\"message\">\n            Message<span class=\"breakdance-form-field__required\">*<\/span>\n        <\/label>\n    \n    <textarea\n    class=\"breakdance-form-field__input\"\n    id=\"message\"\n    aria-describedby=\"message\"\n    type=\"textarea\"\n    name=\"fields[message]\"\n        placeholder=\"\"\n    required\n    >\n<\/textarea>\n\n\n    \n    \n<\/div>\n\n\n<div class=\"breakdance-form-field breakdance-form-field--select\" >\n    \n    \n            <label class=\"breakdance-form-field__label\" for=\"tnrror\">\n            Rodzaj przestrzeni\n        <\/label>\n    \n    <select\n    class=\"breakdance-form-field__input\"\n    id=\"tnrror\"\n    name=\"fields[tnrror]\"\n    \n    \n        >\n      <option value=\"\">Wybierz z listy<\/option>\n          <option value=\"Biuro\" >Biuro<\/option>\n        <option value=\"Lokal handlowy\" >Lokal handlowy<\/option>\n        <option value=\"Restauracja\" >Restauracja<\/option>\n        <option value=\"Obiekt sportowy\" >Obiekt sportowy<\/option>\n        <option value=\"Hala\" >Hala<\/option>\n  <\/select>\n\n\n    \n    \n<\/div>\n\n\n<div class=\"breakdance-form-field breakdance-form-field--number\" >\n    \n    \n            <label class=\"breakdance-form-field__label\" for=\"kimbwp\">\n            Metra\u017c powierzchni [m\u00b2]\n        <\/label>\n    \n    <input\n    class=\"breakdance-form-field__input\"\n    id=\"kimbwp\"\n    aria-describedby=\"kimbwp\"\n    type=\"number\"\n    name=\"fields[kimbwp]\"\n    placeholder=\"1 - 100 000 m\u00b2\"\n    value=\"\"\n                min=\"1\"\n        max=\"100000\"\n        \n    \n    \n    \n    \n>\n\n\n    \n    \n<\/div>\n\n\n<div class=\"breakdance-form-field breakdance-form-field--select\" >\n    \n    \n            <label class=\"breakdance-form-field__label\" for=\"rshjio\">\n            Liczba stref nag\u0142o\u015bnienia\n        <\/label>\n    \n    <select\n    class=\"breakdance-form-field__input\"\n    id=\"rshjio\"\n    name=\"fields[rshjio]\"\n    \n    \n        >\n      <option value=\"\">Wybierz z listy<\/option>\n          <option value=\"1 strefa (wsz\u0119dzie gra to samo)\" >1 strefa (wsz\u0119dzie gra to samo)<\/option>\n        <option value=\"2-3 strefy (np. osobno sala, osobno toalety\/zaplecze)\" >2-3 strefy (np. osobno sala, osobno toalety\/zaplecze)<\/option>\n        <option value=\"4+ strefy (zaawansowany system multi-room)\" >4+ strefy (zaawansowany system multi-room)<\/option>\n  <\/select>\n\n\n    \n    \n<\/div>\n\n\n  \n\n<div class=\"breakdance-form-field breakdance-form-footer\">\n    \n    \n                                    \n    \n    \n    \n    \n            \n            <button type=\"submit\" class=\"button-atom button-atom--primary breakdance-form-button breakdance-form-button__submit\"  >\n    \n        <span class=\"button-atom__text\">Submit<\/span>\n\n        \n        \n            <\/button>\n    \n    <input type=\"hidden\" name=\"form_id\" value=\"101\">\n    <input type=\"hidden\" name=\"post_id\" value=\"152\">\n<\/div>\n\n  \n<\/form>\n\n\n<\/div><\/div>\n<\/section>","protected":false},"excerpt":{"rendered":"<p>Name* Email* Message* Rodzaj przestrzeni Wybierz z listy Biuro Lokal handlowy Restauracja Obiekt sportowy Hala Metra\u017c powierzchni [m\u00b2] Liczba stref nag\u0142o\u015bnienia Wybierz z listy 1 strefa (wsz\u0119dzie gra to samo) 2-3 strefy (np. osobno sala, osobno toalety\/zaplecze) 4+ strefy (zaawansowany system multi-room) Submit<\/p>\n","protected":false},"author":1,"featured_media":0,"parent":0,"menu_order":0,"comment_status":"closed","ping_status":"closed","template":"","meta":{"_breakdance_hide_in_design_set":false,"_breakdance_tags":"","footnotes":""},"class_list":["post-152","page","type-page","status-publish","hentry"],"_links":{"self":[{"href":"https:\/\/mleczkowanie.pl\/index.php\/wp-json\/wp\/v2\/pages\/152","targetHints":{"allow":["GET"]}}],"collection":[{"href":"https:\/\/mleczkowanie.pl\/index.php\/wp-json\/wp\/v2\/pages"}],"about":[{"href":"https:\/\/mleczkowanie.pl\/index.php\/wp-json\/wp\/v2\/types\/page"}],"author":[{"embeddable":true,"href":"https:\/\/mleczkowanie.pl\/index.php\/wp-json\/wp\/v2\/users\/1"}],"replies":[{"embeddable":true,"href":"https:\/\/mleczkowanie.pl\/index.php\/wp-json\/wp\/v2\/comments?post=152"}],"version-history":[{"count":5,"href":"https:\/\/mleczkowanie.pl\/index.php\/wp-json\/wp\/v2\/pages\/152\/revisions"}],"predecessor-version":[{"id":167,"href":"https:\/\/mleczkowanie.pl\/index.php\/wp-json\/wp\/v2\/pages\/152\/revisions\/167"}],"wp:attachment":[{"href":"https:\/\/mleczkowanie.pl\/index.php\/wp-json\/wp\/v2\/media?parent=152"}],"curies":[{"name":"wp","href":"https:\/\/api.w.org\/{rel}","templated":true}]}}